{"id":7338,"date":"2025-10-06T16:02:25","date_gmt":"2025-10-06T16:02:25","guid":{"rendered":"https:\/\/www.die-stoakraxler.at\/?page_id=7338"},"modified":"2026-01-31T21:04:06","modified_gmt":"2026-01-31T21:04:06","slug":"adventure-series","status":"publish","type":"page","link":"https:\/\/www.die-stoakraxler.at\/?page_id=7338","title":{"rendered":"Adventure Series"},"content":{"rendered":"\t\t<div data-elementor-type=\"wp-page\" data-elementor-id=\"7338\" class=\"elementor elementor-7338\">\n\t\t\t\t<div class=\"elementor-element elementor-element-76f6783 e-flex e-con-boxed e-con e-parent\" data-id=\"76f6783\" data-element_type=\"container\" data-e-type=\"container\">\n\t\t\t\t\t<div class=\"e-con-inner\">\n\t\t\t\t<div class=\"elementor-element elementor-element-b6412da elementor-widget elementor-widget-heading\" data-id=\"b6412da\" data-element_type=\"widget\" data-e-type=\"widget\" data-widget_type=\"heading.default\">\n\t\t\t\t\t<h2 class=\"elementor-heading-title elementor-size-default\">Stoakraxler Adventure Series<\/h2>\t\t\t\t<\/div>\n\t\t\t\t\t<\/div>\n\t\t\t\t<\/div>\n\t\t<div class=\"elementor-element elementor-element-5ff5ede e-flex e-con-boxed e-con e-parent\" data-id=\"5ff5ede\" data-element_type=\"container\" data-e-type=\"container\">\n\t\t\t\t\t<div class=\"e-con-inner\">\n\t\t\t\t<div class=\"elementor-element elementor-element-fb1de97 elementor-widget elementor-widget-heading\" data-id=\"fb1de97\" data-element_type=\"widget\" data-e-type=\"widget\" data-widget_type=\"heading.default\">\n\t\t\t\t\t<h2 class=\"elementor-heading-title elementor-size-default\">Reglement<\/h2>\t\t\t\t<\/div>\n\t\t\t\t\t<\/div>\n\t\t\t\t<\/div>\n\t\t<div class=\"elementor-element elementor-element-abf1059 e-flex e-con-boxed e-con e-parent\" data-id=\"abf1059\" data-element_type=\"container\" data-e-type=\"container\">\n\t\t\t\t\t<div class=\"e-con-inner\">\n\t\t\t\t<div class=\"elementor-element elementor-element-41d7a06 elementor-widget elementor-widget-text-editor\" data-id=\"41d7a06\" data-element_type=\"widget\" data-e-type=\"widget\" data-widget_type=\"text-editor.default\">\n\t\t\t\t\t\t\t\t\t<a href=\"https:\/\/www.die-stoakraxler.at\/wp-content\/uploads\/2026\/01\/Reglement_Stoakraxler-2.0.pdf\" target=\"_blank\">Link zum PDF<\/a>\t\t\t\t\t\t\t\t<\/div>\n\t\t\t\t\t<\/div>\n\t\t\t\t<\/div>\n\t\t<div class=\"elementor-element elementor-element-b807dde e-flex e-con-boxed e-con e-parent\" data-id=\"b807dde\" data-element_type=\"container\" data-e-type=\"container\">\n\t\t\t\t\t<div class=\"e-con-inner\">\n\t\t\t\t<div class=\"elementor-element elementor-element-0c1f168 elementor-widget elementor-widget-text-editor\" data-id=\"0c1f168\" data-element_type=\"widget\" data-e-type=\"widget\" data-widget_type=\"text-editor.default\">\n\t\t\t\t\t\t\t\t\t<p><strong>Die Eventserie f\u00fcr alle Rc Scale-Crawler begeisterten<\/strong><br \/>Tauche ein in die Welt des Rc Scale-Crawlings und erlebe unvergessliche<br \/>Abenteuer auf unserem Offroad Gel\u00e4nde und in freier Natur. Bei den<br \/>Stoakraxler Adventure Series dreht sich alles um Rc Scale-Crawler mit<br \/>realistischem Fahrverhalten. Die Eventserie bietet dir die M\u00f6glichkeit dich<br \/>gegen andere Mitstreiter zu messen. Auf anspruchsvollen Parkours kannst<br \/>du dein Fahrzeug bzw. K\u00f6nnen zur Schau stellen.<br \/><br \/><\/p><h5><strong>Wie wird gefahren?<\/strong><\/h5><ul><li>Die Stoakraxler Adventure Series (Cup) wird in zwei Kategorien ausgetragen. C1 und C2.<\/li><li>C1 ist ein Teamwettbewerb mit Einzelwertung. Jedes Team besteht aus zwei<br \/>Personen welches nach dem Zufallsprinzip gelost wird.<br \/>C2 hingegen wird nur als Einzelbewerb durchgef\u00fchrt. Der Cup wird in insgesamt<br \/>vier Bewerben ausgetragen. Zwei Bewerbe werden am Vereinsgel\u00e4nde der<br \/>Stoakraxler ausgetragen und zwei am Vereinsgel\u00e4nde des Crawler Team<br \/>Moschendorf. Die Termine werden rechtzeitig bekanntgegeben. Gez\u00e4hlt werden<br \/>die drei besten Ergebnisse (ein Streicher). Ziel des Bewerbes ist es, die<br \/>vorgegebene Strecke mit so wenig Fehler wie m\u00f6glich zu absolvieren.<\/li><li>Jugendliche bis zum vollendeten 14 Lebensjahr werden extra gewertet<br \/>(Jugendcup).<\/li><li>Ein Parkour besteht aus einer Vielzahl an Toren, Streckenbegrenzungen und<br \/>Hindernissen.<\/li><li>Die Tore m\u00fcssen in Fahrtrichtung durchfahren werden!<\/li><li>Die Fehler des Teilnehmers werden vom jeweiligen Bewerter notiert und flie\u00dfen in<br \/>die Bewertung mit ein.<\/li><li>Die Strecke darf vorab nicht befahren werden wobei die Besichtigung\/Begehung<br \/>des Parcours erlaubt ist. Die Nichteinhaltung der Regeln f\u00fchrt zur sofortigen<br \/>Disqualifikation.<\/li><li>Gewertet wird nach dem Stoakraxler Adventure Series Punktesystem.<\/li><li>Nach der technischen Abnahme durch das Bewerter-Team verbleiben die<br \/>startberechtigten Fahrzeuge in den eigens daf\u00fcr vorgesehenen \u201eParc ferme\u201c.F\u00e4llt ein Fahrzeug bei der technischen Abnahme durch hat der Fahrer 15 Minuten Zeit den oder die M\u00e4ngel zu beheben und erneut sein Fahrzeug der technischen Abnahme zu unterziehen.Fahrzeuge welche im \u201ePark ferme\u201c stehen d\u00fcrfen durch den Fahrer bis zum Start nicht mehr angefasst werden!<\/li><li>Jeder Teilnehmer hat die M\u00f6glichkeit in beiden Klassen zu starten, dies sollte bei der technischen Abnahme aus organisatorischen Gr\u00fcnden angegeben werden.<br \/><br \/><\/li><\/ul><h5><strong>Allgemeines<\/strong><\/h5><ul><li>\u00a0Das Nenngeld\/Startgeld betr\u00e4gt 15\u20ac. F\u00fcr jede weitere Klasse die gefahren wird zus\u00e4tzlich 5\u20ac. Das Nenngeld\/Startgeld wird in keinem Falle zur\u00fcckerstattet auch nicht, wenn man von der Veranstaltung ausgeschlossen bzw. aus diversen Gr\u00fcnden disqualifiziert wird.<\/li><li>Ein Fahrzeug, welches nicht dem jeweiligen Reglement entspricht, ist nicht<br \/>startberechtigt.<\/li><li>Wird w\u00e4hrend oder nach der Veranstaltung festgestellt, dass das Reglement<br \/>absichtlich nicht eingehalten wurde, wird der Fahrer mit sofortiger Wirkung<br \/>disqualifiziert!<\/li><li>Den Anweisungen der Mitglieder des Vereins \u201eDie Stoakraxler\u201c ist immer Folge zu leisten. Nichtbeachtung f\u00fchrt zu einer Ermahnung bei weiteren Verst\u00f6\u00dfen beh\u00e4lt sich der Veranstalter frei die betroffene Person zu sanktionieren.<\/li><li>Da wir uns im Freien bewegen, ist bitte festes Schuhwerk und den Witterungen angepasste Kleidung zu tragen.<\/li><li>Fachgerechte M\u00fcllentsorgung wird bei uns gro\u00dfgeschrieben und daher bitte<br \/>euren M\u00fcll in die daf\u00fcr vorgesehen M\u00fclls\u00e4cke zu werfen. Zigarettenstummel bitte in die vom Verein bereitgestellten Aschenbecher zu geben.<\/li><li>Da wir uns auch auf fremden Grundst\u00fccken befinden sollten wir das Grundst\u00fcck auch wieder so verlassen wie wir es betreten haben. Achtet auf die Natur und deren Umgebung.<\/li><li>Die Teilnahmeerkl\u00e4rung wird bei jeder Veranstaltung in gedruckter Form<br \/>bereitgestellt und muss von jedem Teilnehmer sorgf\u00e4ltig durchgelesen, ausgef\u00fcllt und unterschrieben werden. F\u00fcr Jugendliche bis zum vollendetem 14. Lebensjahr muss ein Elternteil bzw. deren gesetzlicher Vertreter die Teilnahmeerkl\u00e4rung der minderj\u00e4hrigen Person unterschreiben.<\/li><li>F\u00fcr Besch\u00e4digungen oder Verletzungen an Menschen, Tieren, Fahrzeuge oder<br \/>Umgebung kann der Verein \u201eDie Stoakraxler\u201c nicht haftbar gemacht werden. Mit der Unterschrift der Teilnahmeerkl\u00e4rung erkl\u00e4re ich mich damit einverstanden.<br \/><br \/><\/li><\/ul><h5><strong>Fahrzeugzulassung Klasse C1<\/strong><\/h5><p>Um allen Teilnehmern einen fairen Wettkampf zu bieten, m\u00fcssen die<br \/>Fahrzeuge dem jeweiligen Reglement entsprechen. Bevor jemand an<br \/>den Start geht, sollte er sich vergewissern, dass sein Fahrzeug auf Funktion<br \/>gepr\u00fcft ist und dem jeweiligen Reglement entspricht. Falls du dir nicht<br \/>sicher bist, ob dein Fahrzeug dem Reglement entspricht, z\u00f6gere nicht<br \/>und wende dich an den Obmann des Vereins \u201eDie Stoakraxler\u201c.<\/p><ul><li>Zugelassen sind nur Scaler die optisch einem 1:1 Modell nachempfunden sind.<\/li><li>Das Fahrzeug darf nur \u00fcber einen Elektromotor angetrieben sein.<\/li><li>Das Fahrzeug muss einen Ma\u00dfstab von 1:10 (lt. Hersteller) haben.<\/li><li>Es sind nur Fahrzeuge mit max. 2 Achsen erlaubt, davon darf nur eine Achse<br \/>gelenkt sein.<\/li><li>Die Karosserie muss ein Hardbody (ABS, Holz, 3D-Druck) sein.<\/li><li>Innenausstattung aus ABS, Holz, Metall, usw. (kein Lexan) muss eingebaut sein inklusive Fahrerfigur bis zum Knie.<\/li><li>Au\u00dfenspiegel m\u00fcssen vorhanden sein.<\/li><li>Durch die Windschutzscheibe muss ins Fahrzeuginnere gesehen werden k\u00f6nnen.<\/li><li>Landestypisches Kennzeichen an Front und Heck muss vorhanden sein.<\/li><li>Die maximale Fahrzeugbreite darf 230mm nicht \u00fcberschreiten. (gemessen in einer Holzlehre)<\/li><li>Die Reifen d\u00fcrfen maximal 50% der Reifenbreite \u00fcber die Kotfl\u00fcgel ragen.<\/li><li>Reifen d\u00fcrfen eine maximale Gr\u00f6\u00dfe 106mm (4.19\u201c) lt. Hersteller haben. Das<br \/>Bearbeiten des Reifenprofils ist nicht erlaubt. Umbauten am Reifen sind nicht<br \/>erlaubt z.B. Schneeketten. Felgen mit einer maximalen Gr\u00f6\u00dfe von bis zu 1.9\u201c sind erlaubt.<\/li><li>MOA (Motor-on-Axle) ist nicht erlaubt.<\/li><li>DIG (das Blockieren einer Achse) ist nicht erlaubt. Ist ein DIG verbaut muss es deaktiviert sein bzw. darf nicht verwendet werden. Bei Verwendung eines DIG\u2019s droht die sofortige Disqualifikation.<\/li><li>Knuckle Weights sind nicht erlaubt.<\/li><li>Eine Funktion zum Niveauausgleich (Winch-Down) ist nicht erlaubt.<\/li><li>Wir empfehlen das Fahrzeug wasserdicht aufzubauen da Wasserdurchfahrten<br \/>nicht ausgeschlossen werden.<\/li><li>Hilfsmittel die gesichert am Fahrzeug mitgef\u00fchrt werden, d\u00fcrfen verwendet<br \/>werden. Wenn ein Hilfsmittel verwendet wurde, muss es wieder gesichert an das Fahrzeug angebracht werden.<\/li><li>Scaleteile die am Fahrzeug mitgef\u00fchrt werden, werden mit Zusatzpunkten belohnt.<br \/><br \/><\/li><\/ul><h5><strong>Scalepunktesystem C1<br \/><\/strong><\/h5><p>Bei den Stoakraxler Adventure Series sollten die Teilnehmer mit einem<br \/>realit\u00e4tsnahen Fahrzeug belohnt werden und daf\u00fcr extra Punkte<br \/>bekommen.<\/p><ul><li>Funktionierende Karosserieteile wie z.B. T\u00fcren, Motorhaube und Heckklappe<br \/>lassen sich \u00f6ffnen.<br \/><strong>10 Punkte<\/strong> pro funktionierenden Karrosserieteil.<\/li><li>Es befinden sich mindestens 5 Scaleartikel auf bzw. im Fahrzeug z.B. Schaufel, Sandbleche, Reserverad, Anh\u00e4ngerkupplung, usw.<br \/><strong>30 Punkte<\/strong><\/li><li>Detailgetreuer Motorraum.<br \/><strong>20 Punkte<\/strong><\/li><li>F\u00fcr weitere Scalefiguren.<br \/><strong>20 Punkte<\/strong><\/li><li>Vorhandenes und funktionierendes Lichtset. (mind. zwei Lichter vorne und zwei hinten)<br \/><strong>20 Punkte<\/strong><\/li><li>Funktionierendes Soundmodul.<br \/><strong><strong>10 Punkte<br \/><br \/><\/strong><\/strong><\/li><\/ul><h5><strong>Fahrzeugzulassung Klasse C2<br \/><\/strong><\/h5><p>Um allen Teilnehmern einen fairen Wettkampf zu bieten, m\u00fcssen die<br \/>Fahrzeuge dem jeweiligen Reglement entsprechen. Bevor jemand an<br \/>den Start geht, sollte er sich vergewissern, dass sein Fahrzeug auf Funktion<br \/>gepr\u00fcft ist und dem jeweiligen Reglement entspricht. Falls du dir nicht<br \/>sicher bist, ob dein Fahrzeug dem Reglement entspricht, z\u00f6gere nicht<br \/>und wende dich an den Obmann des Vereins \u201eDie Stoakraxler\u201c.<\/p><ul><li>Zugelassen sind nur Scale-Crawler die optisch einem 1:1 Modell nachempfunden sind.<\/li><li>Das Fahrzeug darf nur \u00fcber einen Elektromotor angetrieben sein.<\/li><li>Das Fahrzeug muss einen Ma\u00dfstab von 1:10 (lt. Hersteller) haben.<\/li><li>Comp-Chassis sind verboten. (Skidplate darf nicht nach vorne geneigt sein)<\/li><li>Es sind nur Fahrzeuge mit max. 2 Achsen erlaubt, davon darf nur eine Achse<br \/>gelenkt sein.<\/li><li>Die Karosserie darf aus allen g\u00e4ngigen Materialien bestehen.<\/li><li>Die R\u00e4der d\u00fcrfen nur max. 50 Prozent der Gesamtreifenbreite \u00fcber die Karosserie ragen.<\/li><li>Die maximale Fahrzeugbreite darf 260mm nicht \u00fcberschreiten. (gemessen in einer Holzlehre)<\/li><li>Reifen d\u00fcrfen eine maximale Gr\u00f6\u00dfe 121mm (lt. Hersteller) haben. Das Bearbeiten des Reifenprofils ist nicht erlaubt. Umbauten am Reifen sind nicht erlaubt z.B. Schneeketten. Felgen mit einer maximalen Gr\u00f6\u00dfe von bis zu 2,2\u201c sind erlaubt.<\/li><li>MOA (Motor-on-Axle) ist nicht erlaubt.<\/li><li>DIG (das Blockieren einer Achse) ist nicht erlaubt. Ist ein DIG verbaut muss es deaktiviert sein bzw. darf nicht verwendet werden. Bei Verwendung eines DIG\u2019s droht die sofortige Disqualifikation.<\/li><li>Eine Funktion zum Niveauausgleich (Winch-Down) ist nicht erlaubt.<\/li><li>Wir empfehlen das Fahrzeug wasserdicht aufzubauen da Wasserdurchfahrten<br \/>nicht ausgeschlossen werden.<\/li><li>Hilfsmittel die gesichert am Fahrzeug mitgef\u00fchrt werden d\u00fcrfen verwendet<br \/>werden. Wenn ein Hilfsmittel verwendet wurde, muss es wieder gesichert an das Fahrzeug angebracht werden.<\/li><li>Scaleteile die am Fahrzeug mitgef\u00fchrt werden, werden mit Zusatzpunkten belohnt.<br \/><br \/><\/li><\/ul><h5><strong>Scalepunktesystem C2<\/strong><\/h5><p>Bei den Stoakraxler Adventure Series sollten die Teilnehmer mit einem<br \/>realit\u00e4tsnahen Fahrzeug belohnt werden und daf\u00fcr extra Punkte<br \/>bekommen.<\/p><ul><li>Funktionierende Karosserieteile wie z.B. T\u00fcren, Motorhaube und Heckklappe lassen sich \u00f6ffnen.<br \/><strong>50 Punkte<\/strong><\/li><li>Karosserie besteht aus ABS, Holz, Metall oder 3D-Druck.<br \/><strong>50 Punkte<\/strong><\/li><li>Innenraum inklusive Fahrerfigur.<br \/><strong>30 Punkte<\/strong><\/li><li>Detailgetreue Karosserie mit mindestens 5 Anbauteilen wie z.B. Spiegel, T\u00fcrgriffe, Dachtr\u00e4ger, Scheibenwischer, Seilwinde usw.<br \/><strong>20 Punkte<\/strong><\/li><li>Es befinden sich mindestens 5 Scaleartikel auf dem Fahrzeug z.B. Schaufel,<br \/>Sandbleche, Reserverad, Anh\u00e4ngerkupplung usw.<br \/><strong>20 Punkte<\/strong><\/li><li>Funktionierendes Licht an Front und Heck und Dach<br \/><strong>5 Punkte<\/strong>, mind. 2 funktionierende Lichter vorne<br \/><strong>5 Punkte<\/strong>, mind. 2 funktionierende Lichter hinten<br \/><strong>5 Punkte<\/strong>, f\u00fcr funktionierendes Licht am Dach<\/li><li>Funktionierendes Soundmodul<br \/><strong>10 Punkte<\/strong><\/li><li>Landestypische Kennzeichen an Front und Heck.<br \/><strong><strong>10 Punkte<br \/><br \/><\/strong><\/strong><\/li><\/ul><h5><strong>Strafpunkte Klasse C1 und C2<br \/><\/strong><\/h5><p>Um eine Gesamtwertung zu erreichen, werden die Punkte aus dem<br \/>Scalepunktesystem und dem Strafpunktesystem ausgewertet.<\/p><ul><li>Did not Start (DNS): Der Teilnehmer kann nicht gewertet werden.<\/li><li>Did not Finish (DNF): F\u00fcr jedes Tor, das bis zum Ziel nicht durchfahren werden konnte.<br \/><strong>20 Punkte<\/strong><\/li><li>Service, Reparatur: Darf nicht l\u00e4nger als 10 Minuten dauern, ansonsten f\u00e4llt der Teilnehmer aus der Wertung.<br \/><strong>100 Punkte<\/strong><\/li><li>Repositionieren des Fahrzeuges: Das Fahrzeug ist umgest\u00fcrzt oder kann aus<br \/>eigener Kraft die Fahrt nicht fortsetzen und muss von Hand wieder positioniert werden. Kann es mittels einer Winde oder der Winde des Teampartners aufgestellt werden \u2013 ist kein Fehler zu werten.<br \/><strong>50 Punkte<\/strong><\/li><li>Ber\u00fchren des Fahrzeuges: St\u00fctzen des Fahrzeuges mit einer Hand, Fu\u00df oder<br \/>Gegenstand. Sichern mit der Winde wird nicht als Fehler gewertet.<br \/><strong>20 Punkte<\/strong><\/li><li>Ber\u00fchren eines Tores (pro Stange) oder Streckenbegrenzung inkl. aller<br \/>Anbauteile (ein Tor sind zwei Stangen, beide ber\u00fchren w\u00e4ren 20 Punkt)<br \/><strong>10 Punkte<\/strong><\/li><\/ul>\t\t\t\t\t\t\t\t<\/div>\n\t\t\t\t\t<\/div>\n\t\t\t\t<\/div>\n\t\t\t\t<\/div>\n\t\t","protected":false},"excerpt":{"rendered":"<p>Stoakraxler Adventure Series Reglement Link zum PDF Die Eventserie f\u00fcr alle Rc Scale-Crawler begeistertenTauche ein in die Welt des Rc [&hellip;]<\/p>\n","protected":false},"author":1,"featured_media":0,"parent":0,"menu_order":0,"comment_status":"closed","ping_status":"closed","template":"","meta":{"_bbp_topic_count":0,"_bbp_reply_count":0,"_bbp_total_topic_count":0,"_bbp_total_reply_count":0,"_bbp_voice_count":0,"_bbp_anonymous_reply_count":0,"_bbp_topic_count_hidden":0,"_bbp_reply_count_hidden":0,"_bbp_forum_subforum_count":0,"site-sidebar-layout":"no-sidebar","site-content-layout":"","ast-site-content-layout":"full-width-container","site-content-style":"default","site-sidebar-style":"default","ast-global-header-display":"","ast-banner-title-visibility":"","ast-main-header-display":"","ast-hfb-above-header-display":"","ast-hfb-below-header-display":"","ast-hfb-mobile-header-display":"","site-post-title":"disabled","ast-breadcrumbs-content":"","ast-featured-img":"disabled","footer-sml-layout":"","ast-disable-related-posts":"","theme-transparent-header-meta":"","adv-header-id-meta":"","stick-header-meta":"","header-above-stick-meta":"","header-main-stick-meta":"","header-below-stick-meta":"","astra-migrate-meta-layouts":"default","ast-page-background-enabled":"default","ast-page-background-meta":{"desktop":{"background-color":"var(--ast-global-color-4)","background-image":"","background-repeat":"repeat","background-position":"center center","background-size":"auto","background-attachment":"scroll","background-type":"","background-media":"","overlay-type":"","overlay-color":"","overlay-opacity":"","overlay-gradient":""},"tablet":{"background-color":"","background-image":"","background-repeat":"repeat","background-position":"center center","background-size":"auto","background-attachment":"scroll","background-type":"","background-media":"","overlay-type":"","overlay-color":"","overlay-opacity":"","overlay-gradient":""},"mobile":{"background-color":"","background-image":"","background-repeat":"repeat","background-position":"center center","background-size":"auto","background-attachment":"scroll","background-type":"","background-media":"","overlay-type":"","overlay-color":"","overlay-opacity":"","overlay-gradient":""}},"ast-content-background-meta":{"desktop":{"background-color":"var(--ast-global-color-5)","background-image":"","background-repeat":"repeat","background-position":"center center","background-size":"auto","background-attachment":"scroll","background-type":"","background-media":"","overlay-type":"","overlay-color":"","overlay-opacity":"","overlay-gradient":""},"tablet":{"background-color":"var(--ast-global-color-5)","background-image":"","background-repeat":"repeat","background-position":"center center","background-size":"auto","background-attachment":"scroll","background-type":"","background-media":"","overlay-type":"","overlay-color":"","overlay-opacity":"","overlay-gradient":""},"mobile":{"background-color":"var(--ast-global-color-5)","background-image":"","background-repeat":"repeat","background-position":"center center","background-size":"auto","background-attachment":"scroll","background-type":"","background-media":"","overlay-type":"","overlay-color":"","overlay-opacity":"","overlay-gradient":""}},"ngg_post_thumbnail":0,"footnotes":""},"class_list":["post-7338","page","type-page","status-publish","hentry"],"_links":{"self":[{"href":"https:\/\/www.die-stoakraxler.at\/index.php?rest_route=\/wp\/v2\/pages\/7338","targetHints":{"allow":["GET"]}}],"collection":[{"href":"https:\/\/www.die-stoakraxler.at\/index.php?rest_route=\/wp\/v2\/pages"}],"about":[{"href":"https:\/\/www.die-stoakraxler.at\/index.php?rest_route=\/wp\/v2\/types\/page"}],"author":[{"embeddable":true,"href":"https:\/\/www.die-stoakraxler.at\/index.php?rest_route=\/wp\/v2\/users\/1"}],"replies":[{"embeddable":true,"href":"https:\/\/www.die-stoakraxler.at\/index.php?rest_route=%2Fwp%2Fv2%2Fcomments&post=7338"}],"version-history":[{"count":29,"href":"https:\/\/www.die-stoakraxler.at\/index.php?rest_route=\/wp\/v2\/pages\/7338\/revisions"}],"predecessor-version":[{"id":8738,"href":"https:\/\/www.die-stoakraxler.at\/index.php?rest_route=\/wp\/v2\/pages\/7338\/revisions\/8738"}],"wp:attachment":[{"href":"https:\/\/www.die-stoakraxler.at\/index.php?rest_route=%2Fwp%2Fv2%2Fmedia&parent=7338"}],"curies":[{"name":"wp","href":"https:\/\/api.w.org\/{rel}","templated":true}]}}